{"id":26,"date":"2025-08-28T17:54:52","date_gmt":"2025-08-28T21:54:52","guid":{"rendered":"https:\/\/renovation-contractor-west-island.com\/french\/?page_id=26"},"modified":"2025-10-11T01:14:18","modified_gmt":"2025-10-11T05:14:18","slug":"services-de-renovation","status":"publish","type":"page","link":"https:\/\/renovation-contractor-west-island.com\/french\/services-de-renovation\/","title":{"rendered":"Services de r\u00e9novation \u00e0 l\u2019Ouest-de-l&rsquo;\u00cele"},"content":{"rendered":"\n<figure class=\"wp-block-image size-full\"><img decoding=\"async\" src=\"\/wp-content\/uploads\/2025\/08\/renovation-services-west-island.jpg\" alt=\"Renovation Services West Island\" class=\"wp-image-219\"\/><\/figure>\n<div class=\"has-text-align-center\">\n<p class=\"has-large-font-size\"><mark style=\"background-color:rgba(0, 0, 0, 0)\" class=\"has-inline-color has-accent-2-color\"><strong>Services de r\u00e9novation \u00e0 l&rsquo;Ouest-de-l&rsquo;\u00cele de Montr\u00e9al<\/strong><\/mark><\/p>\n<p><b>R\u00e9novation de&#8230;<\/b><\/p>\n<p>\nSols, murs et plafonds.<br>\nPortes et fen\u00eatres.<br>\nCuisines et salles de bains.<br>\nChauffages et lumi\u00e8res.<br>\nEt d&rsquo;autres.\n<\/p>\n<br><hr><br>\n<p>N&rsquo;h\u00e9sitez pas \u00e0 nous appeler pour toute demande de renseignements.<\/p>\n<p class=\"has-large-font-size\"><mark style=\"background-color:rgba(0, 0, 0, 0)\" class=\"has-inline-color has-accent-2-color\"><b>Services de r\u00e9novation<br>l\u2019Ouest-de-l\u2019\u00cele, Montr\u00e9al<\/b><\/mark><\/p>\n<p class=\"has-large-font-size\"><mark style=\"background-color:rgba(0, 0, 0, 0)\" class=\"has-inline-color has-accent-4-color\"><b>514-545-6071<\/b><\/mark><\/p>\n<br><hr><br>\n<p>Nous servons les municipalit\u00e9s suivantes :<\/p>\n<p><strong>DDO, Pierrefonds, Roxboro, Kirkland, Dorval, Pointe-Claire ainsi que d\u2019autres municipalit\u00e9s dans l\u2019Ouest-de-l\u2019\u00cele de Montr\u00e9al.<\/strong><\/p>\n<br><hr><br>\n<\/div>\n<div class=\"sws_supernormalaction\"><button on=\"tap:superwebshare-lightbox\" class=\"superwebshare_normal_button1 superwebshare-button-large superwebshare-button-default superwebshare_prompt superwebshare_button_svg\" style=\"color:#ffffff;background-color: #1e73be;\" ><svg xmlns=\"http:\/\/www.w3.org\/2000\/svg\" class=\"superwebshare-svg\"  fill=\"currentColor\" viewBox=\"0 0 1000 1000\" stroke=\"currentColor\" stroke-width=\"2\"><path stroke-linecap=\"round\" stroke-linejoin=\"round\" d=\"M965.78,468.33L631.5,103.81c-16.66-18.17-46.95-6.38-46.95,18.27v193.59c0,0-206.53-41.31-384.8,103.27C31.34,555.52,27.07,748.36,27.11,895.74c0,8.51,10.51,12.5,16.16,6.13c54.9-61.93,247.51-251.09,542.37-238.35v186.04c0,24.64,30.28,36.43,46.94,18.28l333.19-362.96C975.26,494.54,975.27,478.66,965.78,468.33z\" \/><\/svg><span>Partager<\/span><\/button><\/div>","protected":false},"excerpt":{"rendered":"<p>Services de r\u00e9novation \u00e0 l&rsquo;Ouest-de-l&rsquo;\u00cele de Montr\u00e9al R\u00e9novation de&#8230; Sols, murs et plafonds. Portes et fen\u00eatres. Cuisines et salles de bains. Chauffages et lumi\u00e8res. Et d&rsquo;autres. N&rsquo;h\u00e9sitez pas \u00e0 nous appeler pour toute demande de renseignements. Services de r\u00e9novationl\u2019Ouest-de-l\u2019\u00cele, Montr\u00e9al 514-545-6071 Nous servons les municipalit\u00e9s suivantes : DDO, Pierrefonds, Roxboro, Kirkland, Dorval, Pointe-Claire ainsi que [&hellip;]<\/p>\n","protected":false},"author":1,"featured_media":0,"parent":0,"menu_order":0,"comment_status":"closed","ping_status":"closed","template":"","meta":{"footnotes":""},"class_list":["post-26","page","type-page","status-publish","hentry"],"_links":{"self":[{"href":"https:\/\/renovation-contractor-west-island.com\/french\/wp-json\/wp\/v2\/pages\/26","targetHints":{"allow":["GET"]}}],"collection":[{"href":"https:\/\/renovation-contractor-west-island.com\/french\/wp-json\/wp\/v2\/pages"}],"about":[{"href":"https:\/\/renovation-contractor-west-island.com\/french\/wp-json\/wp\/v2\/types\/page"}],"author":[{"embeddable":true,"href":"https:\/\/renovation-contractor-west-island.com\/french\/wp-json\/wp\/v2\/users\/1"}],"replies":[{"embeddable":true,"href":"https:\/\/renovation-contractor-west-island.com\/french\/wp-json\/wp\/v2\/comments?post=26"}],"version-history":[{"count":5,"href":"https:\/\/renovation-contractor-west-island.com\/french\/wp-json\/wp\/v2\/pages\/26\/revisions"}],"predecessor-version":[{"id":121,"href":"https:\/\/renovation-contractor-west-island.com\/french\/wp-json\/wp\/v2\/pages\/26\/revisions\/121"}],"wp:attachment":[{"href":"https:\/\/renovation-contractor-west-island.com\/french\/wp-json\/wp\/v2\/media?parent=26"}],"curies":[{"name":"wp","href":"https:\/\/api.w.org\/{rel}","templated":true}]}}